{"id":2556,"date":"2025-07-28T09:08:07","date_gmt":"2025-07-28T09:08:07","guid":{"rendered":"https:\/\/spinezio.cz\/?page_id=2556"},"modified":"2025-12-22T07:33:25","modified_gmt":"2025-12-22T07:33:25","slug":"tlacitko","status":"publish","type":"page","link":"https:\/\/spinezio.cz\/en\/tlacitko\/","title":{"rendered":"TEST"},"content":{"rendered":"<div data-elementor-type=\"wp-page\" data-elementor-id=\"2556\" class=\"elementor elementor-2556\" data-elementor-post-type=\"page\">\n\t\t\t\t<div class=\"elementor-element elementor-element-d6bef86 e-flex e-con-boxed e-con e-parent\" data-id=\"d6bef86\" data-element_type=\"container\">\n\t\t\t\t\t<div class=\"e-con-inner\">\n\t\t\t\t<div class=\"elementor-element elementor-element-3c8aadc elementor-widget elementor-widget-spacer\" data-id=\"3c8aadc\" data-element_type=\"widget\" data-widget_type=\"spacer.default\">\n\t\t\t\t\t\t\t<div class=\"elementor-spacer\">\n\t\t\t<div class=\"elementor-spacer-inner\"><\/div>\n\t\t<\/div>\n\t\t\t\t\t\t<\/div>\n\t\t\t\t\t<\/div>\n\t\t\t\t<\/div>\n\t\t<div class=\"elementor-element elementor-element-ef46808 e-flex e-con-boxed e-con e-parent\" data-id=\"ef46808\" data-element_type=\"container\">\n\t\t\t\t\t<div class=\"e-con-inner\">\n\t\t<div class=\"elementor-element elementor-element-e517cfe e-con-full e-flex e-con e-child\" data-id=\"e517cfe\" data-element_type=\"container\">\n\t\t\t\t<div class=\"elementor-element elementor-element-d204563 elementor-widget elementor-widget-heading\" data-id=\"d204563\" data-element_type=\"widget\" data-widget_type=\"heading.default\">\n\t\t\t\t\t<h2 class=\"elementor-heading-title elementor-size-default\">ToolBOX<\/h2>\t\t\t\t<\/div>\n\t\t\t\t<\/div>\n\t\t\t\t\t<\/div>\n\t\t\t\t<\/div>\n\t\t<div class=\"elementor-element elementor-element-235ce38 e-flex e-con-boxed e-con e-parent\" data-id=\"235ce38\" data-element_type=\"container\">\n\t\t\t\t\t<div class=\"e-con-inner\">\n\t\t<div class=\"elementor-element elementor-element-2e75240 e-con-full e-flex e-con e-child\" data-id=\"2e75240\" data-element_type=\"container\" data-settings=\"{&quot;background_background&quot;:&quot;classic&quot;}\">\n\t\t\t\t<div class=\"elementor-element elementor-element-fb8a6dd elementor-widget elementor-widget-html\" data-id=\"fb8a6dd\" data-element_type=\"widget\" data-widget_type=\"html.default\">\n\t\t\t\t\t<style id=\"wpforms-css-vars-3479\">\n\t\t\t\t#wpforms-3479 {\n\t\t\t\t--wpforms-field-border-radius: 0px;\n--wpforms-field-border-color: #ffffff;\n--wpforms-field-border-color-spare: #ffffff;\n--wpforms-field-text-color: #ffffff;\n--wpforms-label-color: #ffffff;\n--wpforms-label-sublabel-color: #ffffff;\n--wpforms-button-background-color: #ffffff;\n--wpforms-button-text-color: #000000;\n--wpforms-container-padding: 0px;\n--wpforms-container-border-width: 1px;\n--wpforms-container-border-radius: 3px;\n--wpforms-background-color: rgba(0, 0, 0, 0);\n--wpforms-field-size-input-height: 43px;\n--wpforms-field-size-input-spacing: 15px;\n--wpforms-field-size-font-size: 16px;\n--wpforms-field-size-line-height: 19px;\n--wpforms-field-size-padding-h: 14px;\n--wpforms-field-size-checkbox-size: 16px;\n--wpforms-field-size-sublabel-spacing: 5px;\n--wpforms-field-size-icon-size: 1;\n--wpforms-label-size-font-size: 16px;\n--wpforms-label-size-line-height: 19px;\n--wpforms-label-size-sublabel-font-size: 14px;\n--wpforms-label-size-sublabel-line-height: 17px;\n--wpforms-button-size-font-size: 17px;\n--wpforms-button-size-height: 41px;\n--wpforms-button-size-padding-h: 15px;\n--wpforms-button-size-margin-top: 10px;\n--wpforms-container-shadow-size-box-shadow: none;\n\n\t\t\t}\n\t\t\t<\/style><div class=\"wpforms-container wpforms-container-full wpforms-render-modern\" id=\"wpforms-3479\"><form id=\"wpforms-form-3479\" class=\"wpforms-validate wpforms-form wpforms-ajax-form\" data-formid=\"3479\" method=\"post\" enctype=\"multipart\/form-data\" action=\"\/en\/wp-json\/wp\/v2\/pages\/2556\" data-token=\"5447ef6d6a16ccdf73a2643c46f714a5\" data-token-time=\"1777710654\" data-trp-original-action=\"\/en\/wp-json\/wp\/v2\/pages\/2556\"><noscript class=\"wpforms-error-noscript\">Please enable JavaScript in your browser to complete this form.<\/noscript><div id=\"wpforms-error-noscript\" style=\"display: none;\">Please enable JavaScript in your browser to complete this form.<\/div><div class=\"wpforms-field-container\"><div id=\"wpforms-3479-field_1-container\" class=\"wpforms-field wpforms-field-name\" data-field-id=\"1\"><fieldset><legend class=\"wpforms-field-label\">Name <span class=\"wpforms-required-label\" aria-hidden=\"true\">*<\/span><\/legend><div class=\"wpforms-field-row wpforms-field-medium\"><div class=\"wpforms-field-row-block wpforms-first wpforms-one-half\"><input type=\"text\" id=\"wpforms-3479-field_1\" class=\"wpforms-field-name-first wpforms-field-required\" name=\"wpforms[fields][1][first]\" aria-errormessage=\"wpforms-3479-field_1-error\" required><label for=\"wpforms-3479-field_1\" class=\"wpforms-field-sublabel after\">First<\/label><\/div><div class=\"wpforms-field-row-block wpforms-one-half\"><input type=\"text\" id=\"wpforms-3479-field_1-last\" class=\"wpforms-field-name-last wpforms-field-required\" name=\"wpforms[fields][1][last]\" aria-errormessage=\"wpforms-3479-field_1-last-error\" required><label for=\"wpforms-3479-field_1-last\" class=\"wpforms-field-sublabel after\">Last<\/label><\/div><\/div><\/fieldset><\/div><div id=\"wpforms-3479-field_2-container\" class=\"wpforms-field wpforms-field-email\" data-field-id=\"2\"><label class=\"wpforms-field-label\" for=\"wpforms-3479-field_2\">E-mail <span class=\"wpforms-required-label\" aria-hidden=\"true\">*<\/span><\/label><input type=\"email\" id=\"wpforms-3479-field_2\" class=\"wpforms-field-medium wpforms-field-required\" name=\"wpforms[fields][2]\" spellcheck=\"false\" aria-errormessage=\"wpforms-3479-field_2-error\" required><\/div>\t\t<div id=\"wpforms-3479-field_4-container\"\n\t\t\tclass=\"wpforms-field wpforms-field-text\"\n\t\t\tdata-field-type=\"text\"\n\t\t\tdata-field-id=\"4\"\n\t\t\t>\n\t\t\t<label class=\"wpforms-field-label\" for=\"wpforms-3479-field_4\" >Koment\u00e1\u0159 E-mail Jm\u00e9no<\/label>\n\t\t\t<input type=\"text\" id=\"wpforms-3479-field_4\" class=\"wpforms-field-medium\" name=\"wpforms[fields][4]\" >\n\t\t<\/div>\n\t\t<div id=\"wpforms-3479-field_3-container\" class=\"wpforms-field wpforms-field-textarea\" data-field-id=\"3\"><label class=\"wpforms-field-label\" for=\"wpforms-3479-field_3\">Koment\u00e1\u0159 nebo zpr\u00e1va<\/label><textarea id=\"wpforms-3479-field_3\" class=\"wpforms-field-medium\" name=\"wpforms[fields][3]\" aria-errormessage=\"wpforms-3479-field_3-error\" ><\/textarea><\/div><script>\n\t\t\t\t( function() {\n\t\t\t\t\tconst style = document.createElement( 'style' );\n\t\t\t\t\tstyle.appendChild( document.createTextNode( '#wpforms-3479-field_4-container { position: absolute !important; overflow: hidden !important; display: inline !important; height: 1px !important; width: 1px !important; z-index: -1000 !important; padding: 0 !important; } #wpforms-3479-field_4-container input { visibility: hidden; } #wpforms-conversational-form-page #wpforms-3479-field_4-container label { counter-increment: none; }' ) );\n\t\t\t\t\tdocument.head.appendChild( style );\n\t\t\t\t\tdocument.currentScript?.remove();\n\t\t\t\t} )();\n\t\t\t<\/script><\/div><!-- .wpforms-field-container --><div class=\"wpforms-submit-container\" ><input type=\"hidden\" name=\"wpforms[id]\" value=\"3479\"><input type=\"hidden\" name=\"page_title\" value=\"\"><input type=\"hidden\" name=\"page_url\" value=\"https:\/\/spinezio.cz\/en\/wp-json\/wp\/v2\/pages\/2556\"><input type=\"hidden\" name=\"url_referer\" value=\"\"><button type=\"submit\" name=\"wpforms[submit]\" id=\"wpforms-submit-3479\" class=\"wpforms-submit\" data-alt-text=\"Odes\u00edl\u00e1ni...\" data-submit-text=\"Odeslat\" aria-live=\"assertive\" value=\"wpforms-submit\">Send<\/button><img decoding=\"async\" src=\"https:\/\/spinezio.cz\/wp-content\/plugins\/wpforms-lite\/assets\/images\/submit-spin.svg\" class=\"wpforms-submit-spinner\" style=\"display: none;\" width=\"26\" height=\"26\" alt=\"Loading\"><\/div><input type=\"hidden\" name=\"trp-form-language\" value=\"en\"\/><\/form><\/div>  <!-- .wpforms-container -->\t\t\t\t<\/div>\n\t\t\t\t<\/div>\n\t\t\t\t\t<\/div>\n\t\t\t\t<\/div>\n\t\t\t\t<\/div>","protected":false},"excerpt":{"rendered":"<p>ToolBOX<\/p>","protected":false},"author":1,"featured_media":0,"parent":0,"menu_order":0,"comment_status":"closed","ping_status":"closed","template":"","meta":{"footnotes":""},"class_list":["post-2556","page","type-page","status-publish","hentry"],"yoast_head":"<!-- This site is optimized with the Yoast SEO plugin v25.8 - https:\/\/yoast.com\/wordpress\/plugins\/seo\/ -->\n<title>TEST - spinezio.cz<\/title>\n<meta name=\"robots\" content=\"index, follow, max-snippet:-1, max-image-preview:large, max-video-preview:-1\" \/>\n<link rel=\"canonical\" href=\"https:\/\/spinezio.cz\/en\/tlacitko\/\" \/>\n<meta property=\"og:locale\" content=\"en_GB\" \/>\n<meta property=\"og:type\" content=\"article\" \/>\n<meta property=\"og:title\" content=\"TEST - spinezio.cz\" \/>\n<meta property=\"og:description\" content=\"ToolBOX\" \/>\n<meta property=\"og:url\" content=\"https:\/\/spinezio.cz\/en\/tlacitko\/\" \/>\n<meta property=\"og:site_name\" content=\"spinezio.cz\" \/>\n<meta property=\"article:publisher\" content=\"https:\/\/www.facebook.com\/spineziofyzioterapie\" \/>\n<meta property=\"article:modified_time\" content=\"2025-12-22T07:33:25+00:00\" \/>\n<meta name=\"twitter:card\" content=\"summary_large_image\" \/>\n<meta name=\"twitter:label1\" content=\"Estimated reading time\" \/>\n\t<meta name=\"twitter:data1\" content=\"1 minute\" \/>\n<script type=\"application\/ld+json\" class=\"yoast-schema-graph\">{\"@context\":\"https:\/\/schema.org\",\"@graph\":[{\"@type\":\"WebPage\",\"@id\":\"https:\/\/spinezio.cz\/tlacitko\/\",\"url\":\"https:\/\/spinezio.cz\/tlacitko\/\",\"name\":\"TEST - spinezio.cz\",\"isPartOf\":{\"@id\":\"https:\/\/spinezio.cz\/#website\"},\"datePublished\":\"2025-07-28T09:08:07+00:00\",\"dateModified\":\"2025-12-22T07:33:25+00:00\",\"breadcrumb\":{\"@id\":\"https:\/\/spinezio.cz\/tlacitko\/#breadcrumb\"},\"inLanguage\":\"en-GB\",\"potentialAction\":[{\"@type\":\"ReadAction\",\"target\":[\"https:\/\/spinezio.cz\/tlacitko\/\"]}]},{\"@type\":\"BreadcrumbList\",\"@id\":\"https:\/\/spinezio.cz\/tlacitko\/#breadcrumb\",\"itemListElement\":[{\"@type\":\"ListItem\",\"position\":1,\"name\":\"Dom\u016f\",\"item\":\"https:\/\/spinezio.cz\/\"},{\"@type\":\"ListItem\",\"position\":2,\"name\":\"TEST\"}]},{\"@type\":\"WebSite\",\"@id\":\"https:\/\/spinezio.cz\/#website\",\"url\":\"https:\/\/spinezio.cz\/\",\"name\":\"spinezio.cz\",\"description\":\"\",\"publisher\":{\"@id\":\"https:\/\/spinezio.cz\/#organization\"},\"potentialAction\":[{\"@type\":\"SearchAction\",\"target\":{\"@type\":\"EntryPoint\",\"urlTemplate\":\"https:\/\/spinezio.cz\/?s={search_term_string}\"},\"query-input\":{\"@type\":\"PropertyValueSpecification\",\"valueRequired\":true,\"valueName\":\"search_term_string\"}}],\"inLanguage\":\"en-GB\"},{\"@type\":\"Organization\",\"@id\":\"https:\/\/spinezio.cz\/#organization\",\"name\":\"SPINEZIO s.r.o.\",\"url\":\"https:\/\/spinezio.cz\/\",\"logo\":{\"@type\":\"ImageObject\",\"inLanguage\":\"en-GB\",\"@id\":\"https:\/\/spinezio.cz\/#\/schema\/logo\/image\/\",\"url\":\"https:\/\/spinezio.cz\/wp-content\/uploads\/2025\/06\/cropped-spinezio_favicona-512-px.png\",\"contentUrl\":\"https:\/\/spinezio.cz\/wp-content\/uploads\/2025\/06\/cropped-spinezio_favicona-512-px.png\",\"width\":512,\"height\":512,\"caption\":\"SPINEZIO s.r.o.\"},\"image\":{\"@id\":\"https:\/\/spinezio.cz\/#\/schema\/logo\/image\/\"},\"sameAs\":[\"https:\/\/www.facebook.com\/spineziofyzioterapie\",\"https:\/\/www.instagram.com\/spinezio_fyzioterapie\/\",\"https:\/\/www.youtube.com\/@spinezio9450\"]}]}<\/script>\n<!-- \/ Yoast SEO plugin. -->","yoast_head_json":{"title":"TEST - spinezio.cz","robots":{"index":"index","follow":"follow","max-snippet":"max-snippet:-1","max-image-preview":"max-image-preview:large","max-video-preview":"max-video-preview:-1"},"canonical":"https:\/\/spinezio.cz\/en\/tlacitko\/","og_locale":"en_GB","og_type":"article","og_title":"TEST - spinezio.cz","og_description":"ToolBOX","og_url":"https:\/\/spinezio.cz\/en\/tlacitko\/","og_site_name":"spinezio.cz","article_publisher":"https:\/\/www.facebook.com\/spineziofyzioterapie","article_modified_time":"2025-12-22T07:33:25+00:00","twitter_card":"summary_large_image","twitter_misc":{"Estimated reading time":"1 minute"},"schema":{"@context":"https:\/\/schema.org","@graph":[{"@type":"WebPage","@id":"https:\/\/spinezio.cz\/tlacitko\/","url":"https:\/\/spinezio.cz\/tlacitko\/","name":"TEST - spinezio.cz","isPartOf":{"@id":"https:\/\/spinezio.cz\/#website"},"datePublished":"2025-07-28T09:08:07+00:00","dateModified":"2025-12-22T07:33:25+00:00","breadcrumb":{"@id":"https:\/\/spinezio.cz\/tlacitko\/#breadcrumb"},"inLanguage":"en-GB","potentialAction":[{"@type":"ReadAction","target":["https:\/\/spinezio.cz\/tlacitko\/"]}]},{"@type":"BreadcrumbList","@id":"https:\/\/spinezio.cz\/tlacitko\/#breadcrumb","itemListElement":[{"@type":"ListItem","position":1,"name":"Dom\u016f","item":"https:\/\/spinezio.cz\/"},{"@type":"ListItem","position":2,"name":"TEST"}]},{"@type":"WebSite","@id":"https:\/\/spinezio.cz\/#website","url":"https:\/\/spinezio.cz\/","name":"spinezio.cz","description":"","publisher":{"@id":"https:\/\/spinezio.cz\/#organization"},"potentialAction":[{"@type":"SearchAction","target":{"@type":"EntryPoint","urlTemplate":"https:\/\/spinezio.cz\/?s={search_term_string}"},"query-input":{"@type":"PropertyValueSpecification","valueRequired":true,"valueName":"search_term_string"}}],"inLanguage":"en-GB"},{"@type":"Organization","@id":"https:\/\/spinezio.cz\/#organization","name":"SPINEZIO s.r.o.","url":"https:\/\/spinezio.cz\/","logo":{"@type":"ImageObject","inLanguage":"en-GB","@id":"https:\/\/spinezio.cz\/#\/schema\/logo\/image\/","url":"https:\/\/spinezio.cz\/wp-content\/uploads\/2025\/06\/cropped-spinezio_favicona-512-px.png","contentUrl":"https:\/\/spinezio.cz\/wp-content\/uploads\/2025\/06\/cropped-spinezio_favicona-512-px.png","width":512,"height":512,"caption":"SPINEZIO s.r.o."},"image":{"@id":"https:\/\/spinezio.cz\/#\/schema\/logo\/image\/"},"sameAs":["https:\/\/www.facebook.com\/spineziofyzioterapie","https:\/\/www.instagram.com\/spinezio_fyzioterapie\/","https:\/\/www.youtube.com\/@spinezio9450"]}]}},"_links":{"self":[{"href":"https:\/\/spinezio.cz\/en\/wp-json\/wp\/v2\/pages\/2556","targetHints":{"allow":["GET"]}}],"collection":[{"href":"https:\/\/spinezio.cz\/en\/wp-json\/wp\/v2\/pages"}],"about":[{"href":"https:\/\/spinezio.cz\/en\/wp-json\/wp\/v2\/types\/page"}],"author":[{"embeddable":true,"href":"https:\/\/spinezio.cz\/en\/wp-json\/wp\/v2\/users\/1"}],"replies":[{"embeddable":true,"href":"https:\/\/spinezio.cz\/en\/wp-json\/wp\/v2\/comments?post=2556"}],"version-history":[{"count":13,"href":"https:\/\/spinezio.cz\/en\/wp-json\/wp\/v2\/pages\/2556\/revisions"}],"predecessor-version":[{"id":3484,"href":"https:\/\/spinezio.cz\/en\/wp-json\/wp\/v2\/pages\/2556\/revisions\/3484"}],"wp:attachment":[{"href":"https:\/\/spinezio.cz\/en\/wp-json\/wp\/v2\/media?parent=2556"}],"curies":[{"name":"wp","href":"https:\/\/api.w.org\/{rel}","templated":true}]}}