{"id":1223,"date":"2025-06-02T12:29:36","date_gmt":"2025-06-02T12:29:36","guid":{"rendered":"https:\/\/spinezio.cz\/?page_id=1223"},"modified":"2025-08-21T08:26:34","modified_gmt":"2025-08-21T08:26:34","slug":"kurzy","status":"publish","type":"page","link":"https:\/\/spinezio.cz\/en\/kurzy\/","title":{"rendered":"kurzy"},"content":{"rendered":"<div data-elementor-type=\"wp-page\" data-elementor-id=\"1223\" class=\"elementor elementor-1223\" data-elementor-post-type=\"page\">\n\t\t\t\t<div class=\"elementor-element elementor-element-222216a4 e-flex e-con-boxed e-con e-parent\" data-id=\"222216a4\" data-element_type=\"container\" data-settings=\"{&quot;background_background&quot;:&quot;classic&quot;}\">\n\t\t\t\t\t<div class=\"e-con-inner\">\n\t\t\t\t<div class=\"elementor-element elementor-element-288b5399 elementor-widget__width-inherit elementor-invisible elementor-widget elementor-widget-heading\" data-id=\"288b5399\" data-element_type=\"widget\" data-settings=\"{&quot;_animation&quot;:&quot;fadeIn&quot;}\" data-widget_type=\"heading.default\">\n\t\t\t\t\t<h1 class=\"elementor-heading-title elementor-size-default\">Courses<\/h1>\t\t\t\t<\/div>\n\t\t\t\t<div class=\"elementor-element elementor-element-8c814cb elementor-widget__width-inherit elementor-invisible elementor-widget elementor-widget-heading\" data-id=\"8c814cb\" data-element_type=\"widget\" data-settings=\"{&quot;_animation&quot;:&quot;fadeIn&quot;}\" data-widget_type=\"heading.default\">\n\t\t\t\t\t<h2 class=\"elementor-heading-title elementor-size-default\">Spinezio Prague 8 - Karl\u00edn<\/h2>\t\t\t\t<\/div>\n\t\t\t\t<div class=\"elementor-element elementor-element-788c2422 elementor-icon-list--layout-inline elementor-align-left elementor-list-item-link-full_width elementor-invisible elementor-widget elementor-widget-icon-list\" data-id=\"788c2422\" data-element_type=\"widget\" data-settings=\"{&quot;_animation&quot;:&quot;fadeIn&quot;,&quot;_animation_delay&quot;:200}\" data-widget_type=\"icon-list.default\">\n\t\t\t\t\t\t\t<ul class=\"elementor-icon-list-items elementor-inline-items\">\n\t\t\t\t\t\t\t<li class=\"elementor-icon-list-item elementor-inline-item\">\n\t\t\t\t\t\t\t\t\t\t\t<a href=\"#\">\n\n\t\t\t\t\t\t\t\t\t\t\t<span class=\"elementor-icon-list-text\">Home<\/span>\n\t\t\t\t\t\t\t\t\t\t\t<\/a>\n\t\t\t\t\t\t\t\t\t<\/li>\n\t\t\t\t\t\t\t\t<li class=\"elementor-icon-list-item elementor-inline-item\">\n\t\t\t\t\t\t\t\t\t\t\t<a href=\"#\">\n\n\t\t\t\t\t\t\t\t\t\t\t\t<span class=\"elementor-icon-list-icon\">\n\t\t\t\t\t\t\t<i aria-hidden=\"true\" class=\"icon icon-arrow-right\"><\/i>\t\t\t\t\t\t<\/span>\n\t\t\t\t\t\t\t\t\t\t<span class=\"elementor-icon-list-text\">Courses<\/span>\n\t\t\t\t\t\t\t\t\t\t\t<\/a>\n\t\t\t\t\t\t\t\t\t<\/li>\n\t\t\t\t\t\t<\/ul>\n\t\t\t\t\t\t<\/div>\n\t\t\t\t\t<\/div>\n\t\t\t\t<\/div>\n\t\t<div class=\"elementor-element elementor-element-1584a7ed e-flex e-con-boxed e-con e-parent\" data-id=\"1584a7ed\" data-element_type=\"container\">\n\t\t\t\t\t<div class=\"e-con-inner\">\n\t\t<div class=\"elementor-element elementor-element-68cdfc47 e-con-full e-flex e-con e-child\" data-id=\"68cdfc47\" data-element_type=\"container\">\n\t\t\t\t<div class=\"elementor-element elementor-element-0daa83c elementor-widget__width-inherit elementor-invisible elementor-widget elementor-widget-elementskit-blog-posts\" data-id=\"0daa83c\" data-element_type=\"widget\" data-settings=\"{&quot;_animation&quot;:&quot;fadeIn&quot;,&quot;_animation_delay&quot;:400}\" data-widget_type=\"elementskit-blog-posts.default\">\n\t\t\t\t\t<div class=\"ekit-wid-con\" >        <div id=\"post-items--0daa83c\" class=\"row post-items\">\n                    <div class=\"col-lg-4 col-md-6\">\n\n                                    <div class=\"elementskit-post-image-card\">\n                        <div class=\"elementskit-entry-header\">\n                                                            <a href=\"https:\/\/spinezio.cz\/en\/seminar-pro-zeny-komplexni-pece-o-zenske-telo-v-tehotenstvi-a-po-porodu\/\" class=\"elementskit-entry-thumb\">\n                                    <img decoding=\"async\" src=\"https:\/\/spinezio.cz\/wp-content\/uploads\/2025\/04\/DSC00008-Enhanced-NR-spinezio-1024x684.jpg\" alt=\"Semin\u00e1\u0159 pro \u017eeny: Komplexn\u00ed p\u00e9\u010de o \u017eensk\u00e9 t\u011blo v t\u011bhotenstv\u00ed a po porodu\">\n                                <\/a><!-- .elementskit-entry-thumb END -->\n                                                            \n                            \n\t\t\t\t\t\t\t\t\t\t\t\t\t<\/div><!-- .elementskit-entry-header END -->\n\n\t\t\t\t\t\t<div class=\"elementskit-post-body\">\n\t\t\t\t\t\t\t\n\t\t\t\t\t\t\t\t\t\t\t\t\t\t\t\t\t\t\t\t\t\t\t\t\t\n\t\t\t\t\t\t\t\t\n\t\t\t\t\t\t\t\t\t\t\t\t\t\t\t\t\t\t\t\t\t<h2 class=\"entry-title\">\n\t\t\t\t\t<a href=\"https:\/\/spinezio.cz\/en\/seminar-pro-zeny-komplexni-pece-o-zenske-telo-v-tehotenstvi-a-po-porodu\/\">\n\t\t\t\t\t\tSeminar for women: ..\t\t\t\t\t<\/a>\n\t\t\t\t<\/h2>\n\t\t\t\t\t\t\t\t\t\t\t\t\t\t\t\t\t\t\t\t\t\t\t\t\t\t\t\t\t\t\t\t\t\t\t\t\t\t\t\t\t\t<p>\u017densk\u00e9 t\u011blo b\u011bhem t\u011bhotenstv\u00ed proch\u00e1z\u00ed mnoha zm\u011bnami, kter\u00e9 mimo jin\u00e9 tak\u00e9 z\u00e1sadn\u011b ovliv\u0148uj\u00ed pohybov\u00fd apar\u00e1t. Tyto zm\u011bny, a\u010d fyziologick\u00e9, mohou p\u016fsobit r\u016fzn\u00e9 bolestiv\u00e9 stavy, jako jsou nap\u0159\u00edklad bolesti bedern\u00ed p\u00e1te\u0159e a SI kloub\u016f, bolesti stydk\u00e9 spony, chodidel, kolen \u010di ky\u010dl\u00ed, zp\u016fsobovat tak\u00e9 dechov\u00e9 obt\u00ed\u017ee, nebo pot\u00ed\u017ee s tr\u00e1ven\u00edm. Stejn\u011b tak&hellip;<\/p>\n\t\t\t\t\t\t\t\t\t\t\t\t\t\t\t\t\t\t\t\t\t\t                                                    <\/div><!-- .elementskit-post-body END -->\n                    <\/div>\n                \n            <\/div>\n                    <div class=\"col-lg-4 col-md-6\">\n\n                                    <div class=\"elementskit-post-image-card\">\n                        <div class=\"elementskit-entry-header\">\n                                                            <a href=\"https:\/\/spinezio.cz\/en\/kurz-stres-emoce-a-lidske-telo\/\" class=\"elementskit-entry-thumb\">\n                                    <img decoding=\"async\" src=\"https:\/\/spinezio.cz\/wp-content\/uploads\/2025\/04\/DSC09532-Enhanced-NR-spinezio-1024x684.jpg\" alt=\"Kurz: Stres, emoce a lidsk\u00e9 t\u011blo\">\n                                <\/a><!-- .elementskit-entry-thumb END -->\n                                                            \n                            \n\t\t\t\t\t\t\t\t\t\t\t\t\t<\/div><!-- .elementskit-entry-header END -->\n\n\t\t\t\t\t\t<div class=\"elementskit-post-body\">\n\t\t\t\t\t\t\t\n\t\t\t\t\t\t\t\t\t\t\t\t\t\t\t\t\t\t\t\t\t\t\t\t\t\n\t\t\t\t\t\t\t\t\n\t\t\t\t\t\t\t\t\t\t\t\t\t\t\t\t\t\t\t\t\t<h2 class=\"entry-title\">\n\t\t\t\t\t<a href=\"https:\/\/spinezio.cz\/en\/kurz-stres-emoce-a-lidske-telo\/\">\n\t\t\t\t\t\tCourse: Stress, emotions ...\t\t\t\t\t<\/a>\n\t\t\t\t<\/h2>\n\t\t\t\t\t\t\t\t\t\t\t\t\t\t\t\t\t\t\t\t\t\t\t\t\t\t\t\t\t\t\t\t\t\t\t\t\t\t\t\t\t\t<p>&#8222;Pro\u010d v\u0161echno se v\u0161\u00edm souvis\u00ed? Jak v t\u011ble, tak v \u017eivot\u011b.&#8220; C\u00edt\u00edte, \u017ee va\u0161e spokojenost z\u00e1vis\u00ed na tom, jak zvl\u00e1d\u00e1te stres, emoce a jak dok\u00e1\u017eete porozum\u011bt sv\u00e9mu t\u011blu? Vn\u00edm\u00e1te, \u017ee kl\u00ed\u010dem ke zdrav\u00ed je pr\u00e1v\u011b klid v mysli a p\u0159irozen\u00fd pohyb? Na na\u0161em kurzu &#8222;Stres, emoce a lidsk\u00e9 t\u011blo&#8220; si&hellip;<\/p>\n\t\t\t\t\t\t\t\t\t\t\t\t\t\t\t\t\t\t\t\t\t\t                                                    <\/div><!-- .elementskit-post-body END -->\n                    <\/div>\n                \n            <\/div>\n                <\/div>\n       <\/div>\t\t\t\t<\/div>\n\t\t\t\t<\/div>\n\t\t\t\t\t<\/div>\n\t\t\t\t<\/div>\n\t\t<div class=\"elementor-element elementor-element-5bcb40e e-flex e-con-boxed e-con e-parent\" data-id=\"5bcb40e\" data-element_type=\"container\">\n\t\t\t\t\t<div class=\"e-con-inner\">\n\t\t\t\t<div class=\"elementor-element elementor-element-467774f elementor-widget elementor-widget-html\" data-id=\"467774f\" data-element_type=\"widget\" data-widget_type=\"html.default\">\n\t\t\t\t\t<script>\n    \/\/ Nastavte zde po\u017eadovanou d\u00e9lku znak\u016f\nconst MAX_CHARACTERS = 100; \/\/ Zm\u011b\u0148te tuto hodnotu podle pot\u0159eby\n\n\/\/ Funkce pro o\u0159\u00edznut\u00ed textu\nfunction trimText(text, maxLength) {\n    if (text.length <= maxLength) {\n        return text;\n    }\n    return text.substring(0, maxLength) + '...';\n}\n\n\/\/ Funkce pro zpracov\u00e1n\u00ed v\u0161ech popis\u016f p\u0159\u00edsp\u011bvk\u016f\nfunction trimPostDescriptions() {\n    \/\/ Najde v\u0161echny odstavce s popisy p\u0159\u00edsp\u011bvk\u016f\n    const descriptions = document.querySelectorAll('.elementskit-post-body p');\n    \n    descriptions.forEach(function(description) {\n        const originalText = description.textContent.trim();\n        const trimmedText = trimText(originalText, MAX_CHARACTERS);\n        description.textContent = trimmedText;\n    });\n    \n    console.log(`O\u0159\u00edznuty popisy u ${descriptions.length} p\u0159\u00edsp\u011bvk\u016f na ${MAX_CHARACTERS} znak\u016f.`);\n}\n\n\/\/ Spust\u00ed funkci po na\u010dten\u00ed str\u00e1nky\ndocument.addEventListener('DOMContentLoaded', function() {\n    trimPostDescriptions();\n});\n\n\/\/ Alternativn\u011b m\u016f\u017eete funkci spustit okam\u017eit\u011b, pokud je script vlo\u017een na konec str\u00e1nky\n\/\/ trimPostDescriptions();\n<\/script>\t\t\t\t<\/div>\n\t\t\t\t\t<\/div>\n\t\t\t\t<\/div>\n\t\t\t\t<\/div>","protected":false},"excerpt":{"rendered":"<p>Kurzy Spinezio Praha 8 &#8211; Karl\u00edn Home Kurzy Semin\u00e1\u0159 pro \u017eeny:&hellip; \u017densk\u00e9 t\u011blo b\u011bhem t\u011bhotenstv\u00ed proch\u00e1z\u00ed mnoha zm\u011bnami, kter\u00e9 mimo jin\u00e9 tak\u00e9 z\u00e1sadn\u011b ovliv\u0148uj\u00ed pohybov\u00fd apar\u00e1t. Tyto zm\u011bny, a\u010d fyziologick\u00e9, mohou p\u016fsobit r\u016fzn\u00e9 bolestiv\u00e9 stavy, jako jsou nap\u0159\u00edklad bolesti bedern\u00ed p\u00e1te\u0159e a SI kloub\u016f, bolesti stydk\u00e9 spony, chodidel, kolen \u010di ky\u010dl\u00ed, zp\u016fsobovat tak\u00e9 dechov\u00e9 obt\u00ed\u017ee, [&hellip;]<\/p>","protected":false},"author":1,"featured_media":0,"parent":0,"menu_order":0,"comment_status":"closed","ping_status":"closed","template":"elementor_header_footer","meta":{"footnotes":""},"class_list":["post-1223","page","type-page","status-publish","hentry"],"yoast_head":"<!-- This site is optimized with the Yoast SEO plugin v25.8 - https:\/\/yoast.com\/wordpress\/plugins\/seo\/ -->\n<title>kurzy - spinezio.cz<\/title>\n<meta name=\"robots\" content=\"index, follow, max-snippet:-1, max-image-preview:large, max-video-preview:-1\" \/>\n<link rel=\"canonical\" href=\"https:\/\/spinezio.cz\/en\/kurzy\/\" \/>\n<meta property=\"og:locale\" content=\"en_GB\" \/>\n<meta property=\"og:type\" content=\"article\" \/>\n<meta property=\"og:title\" content=\"kurzy - spinezio.cz\" \/>\n<meta property=\"og:description\" content=\"Kurzy Spinezio Praha 8 &#8211; Karl\u00edn Home Kurzy Semin\u00e1\u0159 pro \u017eeny:&hellip; \u017densk\u00e9 t\u011blo b\u011bhem t\u011bhotenstv\u00ed proch\u00e1z\u00ed mnoha zm\u011bnami, kter\u00e9 mimo jin\u00e9 tak\u00e9 z\u00e1sadn\u011b ovliv\u0148uj\u00ed pohybov\u00fd apar\u00e1t. Tyto zm\u011bny, a\u010d fyziologick\u00e9, mohou p\u016fsobit r\u016fzn\u00e9 bolestiv\u00e9 stavy, jako jsou nap\u0159\u00edklad bolesti bedern\u00ed p\u00e1te\u0159e a SI kloub\u016f, bolesti stydk\u00e9 spony, chodidel, kolen \u010di ky\u010dl\u00ed, zp\u016fsobovat tak\u00e9 dechov\u00e9 obt\u00ed\u017ee, [&hellip;]\" \/>\n<meta property=\"og:url\" content=\"https:\/\/spinezio.cz\/en\/kurzy\/\" \/>\n<meta property=\"og:site_name\" content=\"spinezio.cz\" \/>\n<meta property=\"article:publisher\" content=\"https:\/\/www.facebook.com\/spineziofyzioterapie\" \/>\n<meta property=\"article:modified_time\" content=\"2025-08-21T08:26:34+00:00\" \/>\n<meta property=\"og:image\" content=\"https:\/\/spinezio.cz\/wp-content\/uploads\/2025\/07\/DSC09908-spinezio-1024x684.jpg\" \/>\n<meta name=\"twitter:card\" content=\"summary_large_image\" \/>\n<meta name=\"twitter:label1\" content=\"Estimated reading time\" \/>\n\t<meta name=\"twitter:data1\" content=\"1 minute\" \/>\n<script type=\"application\/ld+json\" class=\"yoast-schema-graph\">{\"@context\":\"https:\/\/schema.org\",\"@graph\":[{\"@type\":\"WebPage\",\"@id\":\"https:\/\/spinezio.cz\/kurzy\/\",\"url\":\"https:\/\/spinezio.cz\/kurzy\/\",\"name\":\"kurzy - spinezio.cz\",\"isPartOf\":{\"@id\":\"https:\/\/spinezio.cz\/#website\"},\"primaryImageOfPage\":{\"@id\":\"https:\/\/spinezio.cz\/kurzy\/#primaryimage\"},\"image\":{\"@id\":\"https:\/\/spinezio.cz\/kurzy\/#primaryimage\"},\"thumbnailUrl\":\"https:\/\/spinezio.cz\/wp-content\/uploads\/2025\/07\/DSC09908-spinezio-1024x684.jpg\",\"datePublished\":\"2025-06-02T12:29:36+00:00\",\"dateModified\":\"2025-08-21T08:26:34+00:00\",\"breadcrumb\":{\"@id\":\"https:\/\/spinezio.cz\/kurzy\/#breadcrumb\"},\"inLanguage\":\"en-GB\",\"potentialAction\":[{\"@type\":\"ReadAction\",\"target\":[\"https:\/\/spinezio.cz\/kurzy\/\"]}]},{\"@type\":\"ImageObject\",\"inLanguage\":\"en-GB\",\"@id\":\"https:\/\/spinezio.cz\/kurzy\/#primaryimage\",\"url\":\"https:\/\/spinezio.cz\/wp-content\/uploads\/2025\/07\/DSC09908-spinezio-1024x684.jpg\",\"contentUrl\":\"https:\/\/spinezio.cz\/wp-content\/uploads\/2025\/07\/DSC09908-spinezio-1024x684.jpg\"},{\"@type\":\"BreadcrumbList\",\"@id\":\"https:\/\/spinezio.cz\/kurzy\/#breadcrumb\",\"itemListElement\":[{\"@type\":\"ListItem\",\"position\":1,\"name\":\"Dom\u016f\",\"item\":\"https:\/\/spinezio.cz\/\"},{\"@type\":\"ListItem\",\"position\":2,\"name\":\"kurzy\"}]},{\"@type\":\"WebSite\",\"@id\":\"https:\/\/spinezio.cz\/#website\",\"url\":\"https:\/\/spinezio.cz\/\",\"name\":\"spinezio.cz\",\"description\":\"\",\"publisher\":{\"@id\":\"https:\/\/spinezio.cz\/#organization\"},\"potentialAction\":[{\"@type\":\"SearchAction\",\"target\":{\"@type\":\"EntryPoint\",\"urlTemplate\":\"https:\/\/spinezio.cz\/?s={search_term_string}\"},\"query-input\":{\"@type\":\"PropertyValueSpecification\",\"valueRequired\":true,\"valueName\":\"search_term_string\"}}],\"inLanguage\":\"en-GB\"},{\"@type\":\"Organization\",\"@id\":\"https:\/\/spinezio.cz\/#organization\",\"name\":\"SPINEZIO s.r.o.\",\"url\":\"https:\/\/spinezio.cz\/\",\"logo\":{\"@type\":\"ImageObject\",\"inLanguage\":\"en-GB\",\"@id\":\"https:\/\/spinezio.cz\/#\/schema\/logo\/image\/\",\"url\":\"https:\/\/spinezio.cz\/wp-content\/uploads\/2025\/06\/cropped-spinezio_favicona-512-px.png\",\"contentUrl\":\"https:\/\/spinezio.cz\/wp-content\/uploads\/2025\/06\/cropped-spinezio_favicona-512-px.png\",\"width\":512,\"height\":512,\"caption\":\"SPINEZIO s.r.o.\"},\"image\":{\"@id\":\"https:\/\/spinezio.cz\/#\/schema\/logo\/image\/\"},\"sameAs\":[\"https:\/\/www.facebook.com\/spineziofyzioterapie\",\"https:\/\/www.instagram.com\/spinezio_fyzioterapie\/\",\"https:\/\/www.youtube.com\/@spinezio9450\"]}]}<\/script>\n<!-- \/ Yoast SEO plugin. -->","yoast_head_json":{"title":"kurzy - spinezio.cz","robots":{"index":"index","follow":"follow","max-snippet":"max-snippet:-1","max-image-preview":"max-image-preview:large","max-video-preview":"max-video-preview:-1"},"canonical":"https:\/\/spinezio.cz\/en\/kurzy\/","og_locale":"en_GB","og_type":"article","og_title":"kurzy - spinezio.cz","og_description":"Kurzy Spinezio Praha 8 &#8211; Karl\u00edn Home Kurzy Semin\u00e1\u0159 pro \u017eeny:&hellip; \u017densk\u00e9 t\u011blo b\u011bhem t\u011bhotenstv\u00ed proch\u00e1z\u00ed mnoha zm\u011bnami, kter\u00e9 mimo jin\u00e9 tak\u00e9 z\u00e1sadn\u011b ovliv\u0148uj\u00ed pohybov\u00fd apar\u00e1t. Tyto zm\u011bny, a\u010d fyziologick\u00e9, mohou p\u016fsobit r\u016fzn\u00e9 bolestiv\u00e9 stavy, jako jsou nap\u0159\u00edklad bolesti bedern\u00ed p\u00e1te\u0159e a SI kloub\u016f, bolesti stydk\u00e9 spony, chodidel, kolen \u010di ky\u010dl\u00ed, zp\u016fsobovat tak\u00e9 dechov\u00e9 obt\u00ed\u017ee, [&hellip;]","og_url":"https:\/\/spinezio.cz\/en\/kurzy\/","og_site_name":"spinezio.cz","article_publisher":"https:\/\/www.facebook.com\/spineziofyzioterapie","article_modified_time":"2025-08-21T08:26:34+00:00","og_image":[{"url":"https:\/\/spinezio.cz\/wp-content\/uploads\/2025\/07\/DSC09908-spinezio-1024x684.jpg","type":"","width":"","height":""}],"twitter_card":"summary_large_image","twitter_misc":{"Estimated reading time":"1 minute"},"schema":{"@context":"https:\/\/schema.org","@graph":[{"@type":"WebPage","@id":"https:\/\/spinezio.cz\/kurzy\/","url":"https:\/\/spinezio.cz\/kurzy\/","name":"kurzy - spinezio.cz","isPartOf":{"@id":"https:\/\/spinezio.cz\/#website"},"primaryImageOfPage":{"@id":"https:\/\/spinezio.cz\/kurzy\/#primaryimage"},"image":{"@id":"https:\/\/spinezio.cz\/kurzy\/#primaryimage"},"thumbnailUrl":"https:\/\/spinezio.cz\/wp-content\/uploads\/2025\/07\/DSC09908-spinezio-1024x684.jpg","datePublished":"2025-06-02T12:29:36+00:00","dateModified":"2025-08-21T08:26:34+00:00","breadcrumb":{"@id":"https:\/\/spinezio.cz\/kurzy\/#breadcrumb"},"inLanguage":"en-GB","potentialAction":[{"@type":"ReadAction","target":["https:\/\/spinezio.cz\/kurzy\/"]}]},{"@type":"ImageObject","inLanguage":"en-GB","@id":"https:\/\/spinezio.cz\/kurzy\/#primaryimage","url":"https:\/\/spinezio.cz\/wp-content\/uploads\/2025\/07\/DSC09908-spinezio-1024x684.jpg","contentUrl":"https:\/\/spinezio.cz\/wp-content\/uploads\/2025\/07\/DSC09908-spinezio-1024x684.jpg"},{"@type":"BreadcrumbList","@id":"https:\/\/spinezio.cz\/kurzy\/#breadcrumb","itemListElement":[{"@type":"ListItem","position":1,"name":"Dom\u016f","item":"https:\/\/spinezio.cz\/"},{"@type":"ListItem","position":2,"name":"kurzy"}]},{"@type":"WebSite","@id":"https:\/\/spinezio.cz\/#website","url":"https:\/\/spinezio.cz\/","name":"spinezio.cz","description":"","publisher":{"@id":"https:\/\/spinezio.cz\/#organization"},"potentialAction":[{"@type":"SearchAction","target":{"@type":"EntryPoint","urlTemplate":"https:\/\/spinezio.cz\/?s={search_term_string}"},"query-input":{"@type":"PropertyValueSpecification","valueRequired":true,"valueName":"search_term_string"}}],"inLanguage":"en-GB"},{"@type":"Organization","@id":"https:\/\/spinezio.cz\/#organization","name":"SPINEZIO s.r.o.","url":"https:\/\/spinezio.cz\/","logo":{"@type":"ImageObject","inLanguage":"en-GB","@id":"https:\/\/spinezio.cz\/#\/schema\/logo\/image\/","url":"https:\/\/spinezio.cz\/wp-content\/uploads\/2025\/06\/cropped-spinezio_favicona-512-px.png","contentUrl":"https:\/\/spinezio.cz\/wp-content\/uploads\/2025\/06\/cropped-spinezio_favicona-512-px.png","width":512,"height":512,"caption":"SPINEZIO s.r.o."},"image":{"@id":"https:\/\/spinezio.cz\/#\/schema\/logo\/image\/"},"sameAs":["https:\/\/www.facebook.com\/spineziofyzioterapie","https:\/\/www.instagram.com\/spinezio_fyzioterapie\/","https:\/\/www.youtube.com\/@spinezio9450"]}]}},"_links":{"self":[{"href":"https:\/\/spinezio.cz\/en\/wp-json\/wp\/v2\/pages\/1223","targetHints":{"allow":["GET"]}}],"collection":[{"href":"https:\/\/spinezio.cz\/en\/wp-json\/wp\/v2\/pages"}],"about":[{"href":"https:\/\/spinezio.cz\/en\/wp-json\/wp\/v2\/types\/page"}],"author":[{"embeddable":true,"href":"https:\/\/spinezio.cz\/en\/wp-json\/wp\/v2\/users\/1"}],"replies":[{"embeddable":true,"href":"https:\/\/spinezio.cz\/en\/wp-json\/wp\/v2\/comments?post=1223"}],"version-history":[{"count":46,"href":"https:\/\/spinezio.cz\/en\/wp-json\/wp\/v2\/pages\/1223\/revisions"}],"predecessor-version":[{"id":2770,"href":"https:\/\/spinezio.cz\/en\/wp-json\/wp\/v2\/pages\/1223\/revisions\/2770"}],"wp:attachment":[{"href":"https:\/\/spinezio.cz\/en\/wp-json\/wp\/v2\/media?parent=1223"}],"curies":[{"name":"wp","href":"https:\/\/api.w.org\/{rel}","templated":true}]}}